{"id":930,"date":"2024-09-18T16:00:05","date_gmt":"2024-09-18T16:00:05","guid":{"rendered":"https:\/\/demo.casethemes.net\/maiko\/?page_id=930"},"modified":"2025-06-14T04:49:50","modified_gmt":"2025-06-14T04:49:50","slug":"khach-hang-va-doi-tac","status":"publish","type":"page","link":"https:\/\/stellar.com.vn\/en\/khach-hang-va-doi-tac\/","title":{"rendered":"Kh\u00e1ch h\u00e0ng &#038; \u0111\u1ed1i t\u00e1c"},"content":{"rendered":"<div data-elementor-type=\"wp-page\" data-elementor-id=\"930\" class=\"elementor elementor-930\" data-elementor-post-type=\"page\">\n\t\t\t\t        <section class=\"elementor-section elementor-top-section elementor-element elementor-element-a7e5b87 pxl-row-scroll-fixed elementor-section-stretched elementor-section-boxed elementor-section-height-default elementor-section-height-default pxl-zoom-point-false pxl-section-overflow-visible pxl-section-fix-none pxl_parallax_bg_img_noise-none pxl-bg-color-none pxl-section-overlay-none\" data-id=\"a7e5b87\" data-element_type=\"section\" data-settings=\"{&quot;stretch_section&quot;:&quot;section-stretched&quot;}\">\n\n                \n                <div class=\"elementor-container elementor-column-gap-extended\">\n                <div class=\"elementor-column elementor-col-33 elementor-top-column elementor-element elementor-element-c428c65 pxl-column-sticky pxl-column-overflow-hidden-no pxl-column-zoom-no\" data-id=\"c428c65\" data-element_type=\"column\">\r\n        <div class=\"elementor-widget-wrap elementor-element-populated\">\r\n                     \r\n        \t\t<div class=\"elementor-element elementor-element-2c608d7 elementor-widget elementor-widget-pxl_counter\" data-id=\"2c608d7\" data-element_type=\"widget\" data-widget_type=\"pxl_counter.default\">\n\t\t\t\t<div class=\"elementor-widget-container\">\n\t\t\t\t\t<div class=\"pxl-counter pxl-counter4\" data-wow-delay=\"ms\">\r\n    <div class=\"pxl-counter--inner\">\r\n        <div class=\"pxl-counter--holder\">\r\n                                    <div class=\"pxl-counter--number\">\r\n                <span class=\"pxl-counter--prefix el-empty\"><\/span>\r\n                <span class=\"pxl-counter--value effect-default\" data-duration=\"2000\" data-startnumber=\"1\" data-endnumber=\"96\" data-to-value=\"96\" data-delimiter=\"\">1<\/span>\r\n                                    <span class=\"pxl-counter--suffix\">%<\/span>\r\n                            <\/div>\r\n        <\/div>\r\n                    <div class=\"pxl-counter--title title-inline-w\">KH\u00c1CH H\u00c0NG <br> H\u00c0I L\u00d2NG<\/div>\r\n            <\/div>\r\n<\/div>\t\t\t\t<\/div>\n\t\t\t\t<\/div>\n\t\t\t\t<div class=\"elementor-element elementor-element-a69ebff elementor-widget elementor-widget-pxl_text_editor\" data-id=\"a69ebff\" data-element_type=\"widget\" data-widget_type=\"pxl_text_editor.default\">\n\t\t\t\t<div class=\"elementor-widget-container\">\n\t\t\t\t\t<div class=\"pxl-text-editor\">\n\t<div class=\"pxl-item--inner\" data-wow-delay=\"ms\">\n\t\t\t\t\t<p>\u0110\u00e1nh gi\u00e1 c\u1ee7a kh\u00e1ch h\u00e0ng v\u1ec1 Stellar<\/p>\t\n\t\t\t<\/div>\n<\/div>\t\t\t\t<\/div>\n\t\t\t\t<\/div>\n\t\t\t\t<div class=\"elementor-element elementor-element-9d16da8 elementor-widget elementor-widget-pxl_button\" data-id=\"9d16da8\" data-element_type=\"widget\" data-widget_type=\"pxl_button.default\">\n\t\t\t\t<div class=\"elementor-widget-container\">\n\t\t\t\t\t<div id=\"pxl-pxl_button-9d16da8-9946\" class=\"pxl-button pxl-atc-link\" data-wow-delay=\"ms\">\r\n    <a href=\"\/en\/lien-he\/\" class=\"btn pxl-icon-active  btn-default  inline pxl-icon--right\" data-wow-delay=\"ms\" data-target=\".pxl-page-popup-template-0\">\r\n                    <svg xmlns=\"http:\/\/www.w3.org\/2000\/svg\" xmlns:xlink=\"http:\/\/www.w3.org\/1999\/xlink\" id=\"Layer_1\" x=\"0px\" y=\"0px\" viewbox=\"0 0 1230.3 556.2\" style=\"enable-background:new 0 0 1230.3 556.2;\" xml:space=\"preserve\"><style type=\"text\/css\">\t.st0{fill:none;stroke:#000000;stroke-width:55;stroke-miterlimit:10;}<\/style><g>\t<polyline class=\"st0\" points=\"983.5,91.5 1165.3,279.2 983.5,464.7  \"><\/polyline>\t<line class=\"st0\" x1=\"1165.3\" y1=\"279.2\" x2=\"22.7\" y2=\"279.2\"><\/line><\/g><\/svg>                                <span class=\"pxl--btn-text\" data-text=\"Li\u00ean h\u1ec7 ngay\">\r\n            Li\u00ean h\u1ec7 ngay        <\/span>\r\n                    <\/a>\r\n<\/div>\t\t\t\t<\/div>\n\t\t\t\t<\/div>\n\t\t            <\/div>\r\n        <\/div>\r\n                <div class=\"elementor-column elementor-col-66 elementor-top-column elementor-element elementor-element-7088937 pxl-column-none pxl-column-overflow-hidden-no pxl-column-zoom-no\" data-id=\"7088937\" data-element_type=\"column\">\r\n        <div class=\"elementor-widget-wrap elementor-element-populated\">\r\n                     \r\n        \t\t<div class=\"elementor-element elementor-element-e9ee34f elementor-widget elementor-widget-pxl_testimonial_grid\" data-id=\"e9ee34f\" data-element_type=\"widget\" data-widget_type=\"pxl_testimonial_grid.default\">\n\t\t\t\t<div class=\"elementor-widget-container\">\n\t\t\t\t\t<div class=\"pxl-grid pxl-testimonial-grid pxl-testimonial-grid2 default\" data-layout=\"masonry\">\r\n    <div class=\"pxl-grid-inner pxl-grid-masonry row\" data-gutter=\"15\">\r\n        <div class=\"grid-sizer col-xl-12 col-lg-12 col-md-12 col-sm-12 col-12\"><\/div>\r\n                   <div class=\"pxl-grid-item col-xl-12 col-lg-12 col-md-12 col-sm-12 col-12\">\r\n            <div class=\"pxl-item--inner\">\r\n                                    <div class=\"title-rate\">X\u1ebfp H\u1ea1ng Xu\u1ea5t S\u1eafc 4.8 \/ 5.0<\/div>  \r\n                                <div class=\"top-content\">\r\n                    <div class=\"quote\">\r\n                        <img decoding=\"async\" data-src=\"https:\/\/stellar.com.vn\/wp-content\/themes\/maiko\/assets\/img\/fm-qt.png\" src=\"data:image\/svg+xml;base64,PHN2ZyB3aWR0aD0iMSIgaGVpZ2h0PSIxIiB4bWxucz0iaHR0cDovL3d3dy53My5vcmcvMjAwMC9zdmciPjwvc3ZnPg==\" class=\"lazyload\" \/>\r\n                    <\/div>\r\n                    <p class=\"pxl-item--description\">Stellar l\u00e0 m\u1ed9t c\u00f4ng ty ki\u1ebfn tr\u00fac v\u00f4 c\u00f9ng s\u00e1ng t\u1ea1o, chu \u0111\u00e1o v\u00e0 ki\u00ean nh\u1eabn. H\u1ecd r\u1ea5t chuy\u00ean nghi\u1ec7p v\u00e0 ch\u00fa \u00fd \u0111\u1ebfn t\u1eebng chi ti\u1ebft nh\u1ecf. T\u00f4i kh\u00f4ng th\u1ec3 t\u01b0\u1edfng t\u01b0\u1ee3ng \u0111\u01b0\u1ee3c ai t\u1ed1t h\u01a1n hay t\u00e0i n\u0103ng h\u01a1n \u0111\u1ec3 l\u00e0m vi\u1ec7c c\u00f9ng<\/p>\r\n                <\/div>\r\n                <div class=\"bottom-content\">\r\n                    <h3 class=\"pxl-item--title\">    \r\n                        Anh Tr\u1ea7n Minh \u0110\u1ee9c                    <\/h3>\r\n                    <div class=\"pxl-item--position\">Ch\u1ee7 nh\u00e0, D\u1ef1 \u00e1n C\u1ea3i t\u1ea1o & M\u1edf r\u1ed9ng Bi\u1ec7t th\u1ef1 Th\u1ea3o \u0110i\u1ec1n<\/div>\r\n                <\/div>\r\n            <\/div>\r\n        <\/div>\r\n               <div class=\"pxl-grid-item col-xl-12 col-lg-12 col-md-12 col-sm-12 col-12\">\r\n            <div class=\"pxl-item--inner\">\r\n                                <div class=\"top-content\">\r\n                    <div class=\"quote\">\r\n                        <img decoding=\"async\" data-src=\"https:\/\/stellar.com.vn\/wp-content\/themes\/maiko\/assets\/img\/fm-qt.png\" src=\"data:image\/svg+xml;base64,PHN2ZyB3aWR0aD0iMSIgaGVpZ2h0PSIxIiB4bWxucz0iaHR0cDovL3d3dy53My5vcmcvMjAwMC9zdmciPjwvc3ZnPg==\" class=\"lazyload\" \/>\r\n                    <\/div>\r\n                    <p class=\"pxl-item--description\">To\u00e0n b\u1ed9 quy tr\u00ecnh t\u1eeb \u00fd t\u01b0\u1edfng \u0111\u1ebfn thi c\u00f4ng \u0111\u1ec1u li\u1ec1n m\u1ea1ch v\u00e0 hi\u1ec7u qu\u1ea3. Stellar \u0111\u00e3 bi\u1ebfn ng\u00f4i nh\u00e0 m\u01a1 \u01b0\u1edbc c\u1ee7a ch\u00fang t\u00f4i th\u00e0nh hi\u1ec7n th\u1ef1c v\u1edbi ch\u1ea5t l\u01b0\u1ee3ng ho\u00e0n h\u1ea3o. Ch\u00fang t\u00f4i v\u00f4 c\u00f9ng h\u00e0i l\u00f2ng!<\/p>\r\n                <\/div>\r\n                <div class=\"bottom-content\">\r\n                    <h3 class=\"pxl-item--title\">    \r\n                        Ch\u1ecb L\u00ea Th\u1ecb Mai Anh                    <\/h3>\r\n                    <div class=\"pxl-item--position\">Kh\u00e1ch h\u00e0ng, D\u1ef1 \u00e1n X\u00e2y d\u1ef1ng m\u1edbi Nh\u00e0 ph\u1ed1 hi\u1ec7n \u0111\u1ea1i<\/div>\r\n                <\/div>\r\n            <\/div>\r\n        <\/div>\r\n               <div class=\"pxl-grid-item col-xl-12 col-lg-12 col-md-12 col-sm-12 col-12\">\r\n            <div class=\"pxl-item--inner\">\r\n                                <div class=\"top-content\">\r\n                    <div class=\"quote\">\r\n                        <img decoding=\"async\" data-src=\"https:\/\/stellar.com.vn\/wp-content\/themes\/maiko\/assets\/img\/fm-qt.png\" src=\"data:image\/svg+xml;base64,PHN2ZyB3aWR0aD0iMSIgaGVpZ2h0PSIxIiB4bWxucz0iaHR0cDovL3d3dy53My5vcmcvMjAwMC9zdmciPjwvc3ZnPg==\" class=\"lazyload\" \/>\r\n                    <\/div>\r\n                    <p class=\"pxl-item--description\">Stellar lu\u00f4n ph\u1ea3n h\u1ed3i nhanh ch\u00f3ng m\u1ecdi c\u00e2u h\u1ecfi v\u00e0 \u00fd ki\u1ebfn c\u1ee7a ch\u00fang t\u00f4i. C\u00e1c b\u1ea3n v\u1ebd \u0111\u01b0\u1ee3c cung c\u1ea5p \u0111\u00fang h\u1ea1n, th\u1ec3 hi\u1ec7n s\u1ef1 chuy\u00ean nghi\u1ec7p v\u00e0 k\u1ef9 thu\u1eadt cao. M\u1ed9t \u0111\u1ed1i t\u00e1c \u0111\u00e1ng tin c\u1eady!<\/p>\r\n                <\/div>\r\n                <div class=\"bottom-content\">\r\n                    <h3 class=\"pxl-item--title\">    \r\n                        \u00d4ng Nguy\u1ec5n Ho\u00e0ng Long                    <\/h3>\r\n                    <div class=\"pxl-item--position\">Gi\u00e1m \u0111\u1ed1c Ph\u00e1t tri\u1ec3n, C\u00f4ng ty \u0110\u1ea7u t\u01b0 B\u1ea5t \u0111\u1ed9ng s\u1ea3n Vinh Quang<\/div>\r\n                <\/div>\r\n            <\/div>\r\n        <\/div>\r\n               <div class=\"pxl-grid-item col-xl-12 col-lg-12 col-md-12 col-sm-12 col-12\">\r\n            <div class=\"pxl-item--inner\">\r\n                                <div class=\"top-content\">\r\n                    <div class=\"quote\">\r\n                        <img decoding=\"async\" data-src=\"https:\/\/stellar.com.vn\/wp-content\/themes\/maiko\/assets\/img\/fm-qt.png\" src=\"data:image\/svg+xml;base64,PHN2ZyB3aWR0aD0iMSIgaGVpZ2h0PSIxIiB4bWxucz0iaHR0cDovL3d3dy53My5vcmcvMjAwMC9zdmciPjwvc3ZnPg==\" class=\"lazyload\" \/>\r\n                    <\/div>\r\n                    <p class=\"pxl-item--description\">Thi\u1ebft k\u1ebf c\u1ea3nh quan c\u1ee7a Stellar \u0111\u00e3 th\u1ef1c s\u1ef1 n\u00e2ng t\u1ea7m kh\u00f4ng gian s\u1ed1ng c\u1ee7a ch\u00fang t\u00f4i. S\u1ef1 k\u1ebft h\u1ee3p gi\u1eefa thi\u00ean nhi\u00ean v\u00e0 ki\u1ebfn tr\u00fac r\u1ea5t h\u00e0i h\u00f2a, t\u1ea1o n\u00ean m\u1ed9t kh\u00f4ng gian th\u01b0 gi\u00e3n tuy\u1ec7t v\u1eddi.<\/p>\r\n                <\/div>\r\n                <div class=\"bottom-content\">\r\n                    <h3 class=\"pxl-item--title\">    \r\n                        C\u00f4 Ph\u1ea1m Th\u1ecb Di\u1ec5m                    <\/h3>\r\n                    <div class=\"pxl-item--position\">Kh\u00e1ch h\u00e0ng, D\u1ef1 \u00e1n S\u00e2n v\u01b0\u1eddn Bi\u1ec7t th\u1ef1 V\u01b0\u1eddn Xanh<\/div>\r\n                <\/div>\r\n            <\/div>\r\n        <\/div>\r\n               <div class=\"pxl-grid-item col-xl-12 col-lg-12 col-md-12 col-sm-12 col-12\">\r\n            <div class=\"pxl-item--inner\">\r\n                                <div class=\"top-content\">\r\n                    <div class=\"quote\">\r\n                        <img decoding=\"async\" data-src=\"https:\/\/stellar.com.vn\/wp-content\/themes\/maiko\/assets\/img\/fm-qt.png\" src=\"data:image\/svg+xml;base64,PHN2ZyB3aWR0aD0iMSIgaGVpZ2h0PSIxIiB4bWxucz0iaHR0cDovL3d3dy53My5vcmcvMjAwMC9zdmciPjwvc3ZnPg==\" class=\"lazyload\" \/>\r\n                    <\/div>\r\n                    <p class=\"pxl-item--description\">Ch\u00fang t\u00f4i c\u1ea7n m\u1ed9t kh\u00f4ng gian v\u0103n ph\u00f2ng v\u1eeba \u0111\u1eb9p, v\u1eeba t\u1ed1i \u01b0u c\u00f4ng n\u0103ng. Stellar \u0111\u00e3 l\u00e0m \u0111\u01b0\u1ee3c \u0111i\u1ec1u \u0111\u00f3 v\u1edbi thi\u1ebft k\u1ebf n\u1ed9i th\u1ea5t th\u00f4ng minh, t\u1ea1o m\u00f4i tr\u01b0\u1eddng l\u00e0m vi\u1ec7c l\u00fd t\u01b0\u1edfng v\u00e0 \u0111\u1ea7y c\u1ea3m h\u1ee9ng.<\/p>\r\n                <\/div>\r\n                <div class=\"bottom-content\">\r\n                    <h3 class=\"pxl-item--title\">    \r\n                        B\u00e0 V\u0169 Thu Ph\u01b0\u01a1ng                    <\/h3>\r\n                    <div class=\"pxl-item--position\">\u0110\u1ea1i di\u1ec7n, C\u00f4ng ty C\u00f4ng ngh\u1ec7 AlphaTech<\/div>\r\n                <\/div>\r\n            <\/div>\r\n        <\/div>\r\n               <div class=\"pxl-grid-item col-xl-12 col-lg-12 col-md-12 col-sm-12 col-12\">\r\n            <div class=\"pxl-item--inner\">\r\n                                <div class=\"top-content\">\r\n                    <div class=\"quote\">\r\n                        <img decoding=\"async\" data-src=\"https:\/\/stellar.com.vn\/wp-content\/themes\/maiko\/assets\/img\/fm-qt.png\" src=\"data:image\/svg+xml;base64,PHN2ZyB3aWR0aD0iMSIgaGVpZ2h0PSIxIiB4bWxucz0iaHR0cDovL3d3dy53My5vcmcvMjAwMC9zdmciPjwvc3ZnPg==\" class=\"lazyload\" \/>\r\n                    <\/div>\r\n                    <p class=\"pxl-item--description\">Stellar \u0111\u00e3 cung c\u1ea5p nh\u1eefng ph\u00e2n t\u00edch d\u1ef1 \u00e1n v\u00e0 t\u01b0 v\u1ea5n chi\u1ebfn l\u01b0\u1ee3c c\u1ef1c k\u1ef3 gi\u00e1 tr\u1ecb, gi\u00fap ch\u00fang t\u00f4i \u0111\u1ecbnh h\u00ecnh \u0111\u00fang h\u01b0\u1edbng ngay t\u1eeb ban \u0111\u1ea7u, tr\u00e1nh \u0111\u01b0\u1ee3c nhi\u1ec1u r\u1ee7i ro ti\u1ec1m \u1ea9n.<\/p>\r\n                <\/div>\r\n                <div class=\"bottom-content\">\r\n                    <h3 class=\"pxl-item--title\">    \r\n                        Anh David Kim                    <\/h3>\r\n                    <div class=\"pxl-item--position\">Nh\u00e0 \u0111\u1ea7u t\u01b0 qu\u1ed1c t\u1ebf, D\u1ef1 \u00e1n T\u1ed5 h\u1ee3p Th\u01b0\u01a1ng m\u1ea1i & C\u0103n h\u1ed9<\/div>\r\n                <\/div>\r\n            <\/div>\r\n        <\/div>\r\n    <\/div>\r\n<\/div>\r\n\t\t\t\t<\/div>\n\t\t\t\t<\/div>\n\t\t            <\/div>\r\n        <\/div>\r\n        \t\t\t<\/div>\n\t\t<\/section>\n\t\t\t\t<\/div>","protected":false},"excerpt":{"rendered":"<p>1 % KH\u00c1CH H\u00c0NG H\u00c0I L\u00d2NG \u0110\u00e1nh gi\u00e1 c\u1ee7a kh\u00e1ch h\u00e0ng v\u1ec1 Stellar Li\u00ean h\u1ec7 ngay X\u1ebfp H\u1ea1ng Xu\u1ea5t S\u1eafc 4.8 \/ 5.0 Stellar l\u00e0 m\u1ed9t c\u00f4ng ty ki\u1ebfn tr\u00fac v\u00f4 c\u00f9ng s\u00e1ng t\u1ea1o, chu \u0111\u00e1o v\u00e0 ki\u00ean nh\u1eabn. H\u1ecd r\u1ea5t chuy\u00ean nghi\u1ec7p v\u00e0 ch\u00fa \u00fd \u0111\u1ebfn t\u1eebng chi ti\u1ebft nh\u1ecf. T\u00f4i kh\u00f4ng th\u1ec3 t\u01b0\u1edfng [&hellip;]<\/p>","protected":false},"author":1,"featured_media":0,"parent":0,"menu_order":0,"comment_status":"closed","ping_status":"closed","template":"","meta":{"_acf_changed":false,"footnotes":""},"class_list":["post-930","page","type-page","status-publish","hentry"],"acf":[],"yoast_head":"<!-- This site is optimized with the Yoast SEO plugin v25.4 - https:\/\/yoast.com\/wordpress\/plugins\/seo\/ -->\n<title>Kh\u00e1ch h\u00e0ng &amp; \u0111\u1ed1i t\u00e1c - Stellar Leasing<\/title>\n<meta name=\"robots\" content=\"index, follow, max-snippet:-1, max-image-preview:large, max-video-preview:-1\" \/>\n<link rel=\"canonical\" href=\"https:\/\/stellar.com.vn\/en\/khach-hang-va-doi-tac\/\" \/>\n<meta property=\"og:locale\" content=\"en_US\" \/>\n<meta property=\"og:type\" content=\"article\" \/>\n<meta property=\"og:title\" content=\"Kh\u00e1ch h\u00e0ng &amp; \u0111\u1ed1i t\u00e1c - Stellar Leasing\" \/>\n<meta property=\"og:description\" content=\"1 % KH\u00c1CH H\u00c0NG H\u00c0I L\u00d2NG \u0110\u00e1nh gi\u00e1 c\u1ee7a kh\u00e1ch h\u00e0ng v\u1ec1 Stellar Li\u00ean h\u1ec7 ngay X\u1ebfp H\u1ea1ng Xu\u1ea5t S\u1eafc 4.8 \/ 5.0 Stellar l\u00e0 m\u1ed9t c\u00f4ng ty ki\u1ebfn tr\u00fac v\u00f4 c\u00f9ng s\u00e1ng t\u1ea1o, chu \u0111\u00e1o v\u00e0 ki\u00ean nh\u1eabn. H\u1ecd r\u1ea5t chuy\u00ean nghi\u1ec7p v\u00e0 ch\u00fa \u00fd \u0111\u1ebfn t\u1eebng chi ti\u1ebft nh\u1ecf. T\u00f4i kh\u00f4ng th\u1ec3 t\u01b0\u1edfng [&hellip;]\" \/>\n<meta property=\"og:url\" content=\"https:\/\/stellar.com.vn\/en\/khach-hang-va-doi-tac\/\" \/>\n<meta property=\"og:site_name\" content=\"Stellar Leasing\" \/>\n<meta property=\"article:modified_time\" content=\"2025-06-14T04:49:50+00:00\" \/>\n<meta property=\"og:image\" content=\"https:\/\/stellar.com.vn\/wp-content\/themes\/maiko\/assets\/img\/fm-qt.png\" \/>\n<meta name=\"twitter:card\" content=\"summary_large_image\" \/>\n<meta name=\"twitter:label1\" content=\"Est. reading time\" \/>\n\t<meta name=\"twitter:data1\" content=\"3 minutes\" \/>\n<script type=\"application\/ld+json\" class=\"yoast-schema-graph\">{\"@context\":\"https:\/\/schema.org\",\"@graph\":[{\"@type\":\"WebPage\",\"@id\":\"https:\/\/stellar.com.vn\/khach-hang-va-doi-tac\/\",\"url\":\"https:\/\/stellar.com.vn\/khach-hang-va-doi-tac\/\",\"name\":\"Kh\u00e1ch h\u00e0ng & \u0111\u1ed1i t\u00e1c - Stellar Leasing\",\"isPartOf\":{\"@id\":\"https:\/\/stellar.com.vn\/#website\"},\"primaryImageOfPage\":{\"@id\":\"https:\/\/stellar.com.vn\/khach-hang-va-doi-tac\/#primaryimage\"},\"image\":{\"@id\":\"https:\/\/stellar.com.vn\/khach-hang-va-doi-tac\/#primaryimage\"},\"thumbnailUrl\":\"https:\/\/stellar.com.vn\/wp-content\/themes\/maiko\/assets\/img\/fm-qt.png\",\"datePublished\":\"2024-09-18T16:00:05+00:00\",\"dateModified\":\"2025-06-14T04:49:50+00:00\",\"breadcrumb\":{\"@id\":\"https:\/\/stellar.com.vn\/khach-hang-va-doi-tac\/#breadcrumb\"},\"inLanguage\":\"en-US\",\"potentialAction\":[{\"@type\":\"ReadAction\",\"target\":[\"https:\/\/stellar.com.vn\/khach-hang-va-doi-tac\/\"]}]},{\"@type\":\"ImageObject\",\"inLanguage\":\"en-US\",\"@id\":\"https:\/\/stellar.com.vn\/khach-hang-va-doi-tac\/#primaryimage\",\"url\":\"https:\/\/stellar.com.vn\/wp-content\/themes\/maiko\/assets\/img\/fm-qt.png\",\"contentUrl\":\"https:\/\/stellar.com.vn\/wp-content\/themes\/maiko\/assets\/img\/fm-qt.png\"},{\"@type\":\"BreadcrumbList\",\"@id\":\"https:\/\/stellar.com.vn\/khach-hang-va-doi-tac\/#breadcrumb\",\"itemListElement\":[{\"@type\":\"ListItem\",\"position\":1,\"name\":\"Trang ch\u1ee7\",\"item\":\"https:\/\/stellar.com.vn\/\"},{\"@type\":\"ListItem\",\"position\":2,\"name\":\"Kh\u00e1ch h\u00e0ng &#038; \u0111\u1ed1i t\u00e1c\"}]},{\"@type\":\"WebSite\",\"@id\":\"https:\/\/stellar.com.vn\/#website\",\"url\":\"https:\/\/stellar.com.vn\/\",\"name\":\"Stellar Leasing\",\"description\":\"\",\"publisher\":{\"@id\":\"https:\/\/stellar.com.vn\/#organization\"},\"potentialAction\":[{\"@type\":\"SearchAction\",\"target\":{\"@type\":\"EntryPoint\",\"urlTemplate\":\"https:\/\/stellar.com.vn\/?s={search_term_string}\"},\"query-input\":{\"@type\":\"PropertyValueSpecification\",\"valueRequired\":true,\"valueName\":\"search_term_string\"}}],\"inLanguage\":\"en-US\"},{\"@type\":\"Organization\",\"@id\":\"https:\/\/stellar.com.vn\/#organization\",\"name\":\"Stellar Leasing\",\"url\":\"https:\/\/stellar.com.vn\/\",\"logo\":{\"@type\":\"ImageObject\",\"inLanguage\":\"en-US\",\"@id\":\"https:\/\/stellar.com.vn\/#\/schema\/logo\/image\/\",\"url\":\"https:\/\/stellar.com.vn\/wp-content\/uploads\/2025\/06\/Stellar_Logo_Square.png\",\"contentUrl\":\"https:\/\/stellar.com.vn\/wp-content\/uploads\/2025\/06\/Stellar_Logo_Square.png\",\"width\":705,\"height\":769,\"caption\":\"Stellar Leasing\"},\"image\":{\"@id\":\"https:\/\/stellar.com.vn\/#\/schema\/logo\/image\/\"}}]}<\/script>\n<!-- \/ Yoast SEO plugin. -->","yoast_head_json":{"title":"Kh\u00e1ch h\u00e0ng & \u0111\u1ed1i t\u00e1c - Stellar Leasing","robots":{"index":"index","follow":"follow","max-snippet":"max-snippet:-1","max-image-preview":"max-image-preview:large","max-video-preview":"max-video-preview:-1"},"canonical":"https:\/\/stellar.com.vn\/en\/khach-hang-va-doi-tac\/","og_locale":"en_US","og_type":"article","og_title":"Kh\u00e1ch h\u00e0ng & \u0111\u1ed1i t\u00e1c - Stellar Leasing","og_description":"1 % KH\u00c1CH H\u00c0NG H\u00c0I L\u00d2NG \u0110\u00e1nh gi\u00e1 c\u1ee7a kh\u00e1ch h\u00e0ng v\u1ec1 Stellar Li\u00ean h\u1ec7 ngay X\u1ebfp H\u1ea1ng Xu\u1ea5t S\u1eafc 4.8 \/ 5.0 Stellar l\u00e0 m\u1ed9t c\u00f4ng ty ki\u1ebfn tr\u00fac v\u00f4 c\u00f9ng s\u00e1ng t\u1ea1o, chu \u0111\u00e1o v\u00e0 ki\u00ean nh\u1eabn. H\u1ecd r\u1ea5t chuy\u00ean nghi\u1ec7p v\u00e0 ch\u00fa \u00fd \u0111\u1ebfn t\u1eebng chi ti\u1ebft nh\u1ecf. T\u00f4i kh\u00f4ng th\u1ec3 t\u01b0\u1edfng [&hellip;]","og_url":"https:\/\/stellar.com.vn\/en\/khach-hang-va-doi-tac\/","og_site_name":"Stellar Leasing","article_modified_time":"2025-06-14T04:49:50+00:00","og_image":[{"url":"https:\/\/stellar.com.vn\/wp-content\/themes\/maiko\/assets\/img\/fm-qt.png","type":"","width":"","height":""}],"twitter_card":"summary_large_image","twitter_misc":{"Est. reading time":"3 minutes"},"schema":{"@context":"https:\/\/schema.org","@graph":[{"@type":"WebPage","@id":"https:\/\/stellar.com.vn\/khach-hang-va-doi-tac\/","url":"https:\/\/stellar.com.vn\/khach-hang-va-doi-tac\/","name":"Kh\u00e1ch h\u00e0ng & \u0111\u1ed1i t\u00e1c - Stellar Leasing","isPartOf":{"@id":"https:\/\/stellar.com.vn\/#website"},"primaryImageOfPage":{"@id":"https:\/\/stellar.com.vn\/khach-hang-va-doi-tac\/#primaryimage"},"image":{"@id":"https:\/\/stellar.com.vn\/khach-hang-va-doi-tac\/#primaryimage"},"thumbnailUrl":"https:\/\/stellar.com.vn\/wp-content\/themes\/maiko\/assets\/img\/fm-qt.png","datePublished":"2024-09-18T16:00:05+00:00","dateModified":"2025-06-14T04:49:50+00:00","breadcrumb":{"@id":"https:\/\/stellar.com.vn\/khach-hang-va-doi-tac\/#breadcrumb"},"inLanguage":"en-US","potentialAction":[{"@type":"ReadAction","target":["https:\/\/stellar.com.vn\/khach-hang-va-doi-tac\/"]}]},{"@type":"ImageObject","inLanguage":"en-US","@id":"https:\/\/stellar.com.vn\/khach-hang-va-doi-tac\/#primaryimage","url":"https:\/\/stellar.com.vn\/wp-content\/themes\/maiko\/assets\/img\/fm-qt.png","contentUrl":"https:\/\/stellar.com.vn\/wp-content\/themes\/maiko\/assets\/img\/fm-qt.png"},{"@type":"BreadcrumbList","@id":"https:\/\/stellar.com.vn\/khach-hang-va-doi-tac\/#breadcrumb","itemListElement":[{"@type":"ListItem","position":1,"name":"Trang ch\u1ee7","item":"https:\/\/stellar.com.vn\/"},{"@type":"ListItem","position":2,"name":"Kh\u00e1ch h\u00e0ng &#038; \u0111\u1ed1i t\u00e1c"}]},{"@type":"WebSite","@id":"https:\/\/stellar.com.vn\/#website","url":"https:\/\/stellar.com.vn\/","name":"Stellar Leasing","description":"","publisher":{"@id":"https:\/\/stellar.com.vn\/#organization"},"potentialAction":[{"@type":"SearchAction","target":{"@type":"EntryPoint","urlTemplate":"https:\/\/stellar.com.vn\/?s={search_term_string}"},"query-input":{"@type":"PropertyValueSpecification","valueRequired":true,"valueName":"search_term_string"}}],"inLanguage":"en-US"},{"@type":"Organization","@id":"https:\/\/stellar.com.vn\/#organization","name":"Stellar Leasing","url":"https:\/\/stellar.com.vn\/","logo":{"@type":"ImageObject","inLanguage":"en-US","@id":"https:\/\/stellar.com.vn\/#\/schema\/logo\/image\/","url":"https:\/\/stellar.com.vn\/wp-content\/uploads\/2025\/06\/Stellar_Logo_Square.png","contentUrl":"https:\/\/stellar.com.vn\/wp-content\/uploads\/2025\/06\/Stellar_Logo_Square.png","width":705,"height":769,"caption":"Stellar Leasing"},"image":{"@id":"https:\/\/stellar.com.vn\/#\/schema\/logo\/image\/"}}]}},"_links":{"self":[{"href":"https:\/\/stellar.com.vn\/en\/wp-json\/wp\/v2\/pages\/930","targetHints":{"allow":["GET"]}}],"collection":[{"href":"https:\/\/stellar.com.vn\/en\/wp-json\/wp\/v2\/pages"}],"about":[{"href":"https:\/\/stellar.com.vn\/en\/wp-json\/wp\/v2\/types\/page"}],"author":[{"embeddable":true,"href":"https:\/\/stellar.com.vn\/en\/wp-json\/wp\/v2\/users\/1"}],"replies":[{"embeddable":true,"href":"https:\/\/stellar.com.vn\/en\/wp-json\/wp\/v2\/comments?post=930"}],"version-history":[{"count":24,"href":"https:\/\/stellar.com.vn\/en\/wp-json\/wp\/v2\/pages\/930\/revisions"}],"predecessor-version":[{"id":23373,"href":"https:\/\/stellar.com.vn\/en\/wp-json\/wp\/v2\/pages\/930\/revisions\/23373"}],"wp:attachment":[{"href":"https:\/\/stellar.com.vn\/en\/wp-json\/wp\/v2\/media?parent=930"}],"curies":[{"name":"wp","href":"https:\/\/api.w.org\/{rel}","templated":true}]}}